{"id":901,"date":"2020-07-01T14:42:20","date_gmt":"2020-07-01T12:42:20","guid":{"rendered":"http:\/\/csoullins.org\/?page_id=901"},"modified":"2025-05-15T14:46:20","modified_gmt":"2025-05-15T12:46:20","slug":"lengagement-citoyen","status":"publish","type":"page","link":"https:\/\/csoullins.org\/index.php\/fabrique-des-possibles\/lengagement-citoyen\/","title":{"rendered":"Engagement Citoyen"},"content":{"rendered":"\n<hr class=\"wp-block-separator has-css-opacity is-style-wide is-style-wide--1\"\/>\n\n\n\n<h3 class=\"wp-block-heading\">Devenir b\u00e9n\u00e9vole d&rsquo;activit\u00e9 et\/ou administrateur<\/h3>\n\n\n\n<h3 class=\"wp-block-heading has-large-font-size\">B\u00e9n\u00e9voles<\/h3>\n\n\n\n<p>Une association vit gr\u00e2ce \u00e0 la force vive de ses b\u00e9n\u00e9voles. Vous avez envie de vous investir \u00e0 l\u2019ACSO ? Nous recherchons des habitants pour donner un coup de main ponctuel ou pour un engagement plus long. Certaines de nos activit\u00e9s en d\u00e9pendent !&nbsp;Vous trouverez&nbsp;sans doute une activit\u00e9 qui vous corresponde&nbsp;quelques soient vos disponibilit\u00e9s, comp\u00e9tences et envies.&nbsp;<\/p>\n\n\n\n<hr class=\"wp-block-separator has-css-opacity is-style-wide is-style-wide--2\"\/>\n\n\n\n<p><\/p>\n","protected":false},"excerpt":{"rendered":"<p>Devenir b\u00e9n\u00e9vole d&rsquo;activit\u00e9 et\/ou administrateur B\u00e9n\u00e9voles Une association vit gr\u00e2ce \u00e0 la force vive de ses b\u00e9n\u00e9voles. Vous avez envie de vous investir \u00e0 l\u2019ACSO ? Nous recherchons des habitants pour donner un coup de main ponctuel ou pour un engagement plus long. Certaines de nos activit\u00e9s en d\u00e9pendent !&nbsp;Vous trouverez&nbsp;sans doute une activit\u00e9 qui [&hellip;]<\/p>\n","protected":false},"author":1,"featured_media":0,"parent":878,"menu_order":0,"comment_status":"closed","ping_status":"closed","template":"","meta":{"footnotes":""},"class_list":["post-901","page","type-page","status-publish","hentry"],"_links":{"self":[{"href":"https:\/\/csoullins.org\/index.php\/wp-json\/wp\/v2\/pages\/901","targetHints":{"allow":["GET"]}}],"collection":[{"href":"https:\/\/csoullins.org\/index.php\/wp-json\/wp\/v2\/pages"}],"about":[{"href":"https:\/\/csoullins.org\/index.php\/wp-json\/wp\/v2\/types\/page"}],"author":[{"embeddable":true,"href":"https:\/\/csoullins.org\/index.php\/wp-json\/wp\/v2\/users\/1"}],"replies":[{"embeddable":true,"href":"https:\/\/csoullins.org\/index.php\/wp-json\/wp\/v2\/comments?post=901"}],"version-history":[{"count":8,"href":"https:\/\/csoullins.org\/index.php\/wp-json\/wp\/v2\/pages\/901\/revisions"}],"predecessor-version":[{"id":2301,"href":"https:\/\/csoullins.org\/index.php\/wp-json\/wp\/v2\/pages\/901\/revisions\/2301"}],"up":[{"embeddable":true,"href":"https:\/\/csoullins.org\/index.php\/wp-json\/wp\/v2\/pages\/878"}],"wp:attachment":[{"href":"https:\/\/csoullins.org\/index.php\/wp-json\/wp\/v2\/media?parent=901"}],"curies":[{"name":"wp","href":"https:\/\/api.w.org\/{rel}","templated":true}]}}