{"id":899,"date":"2020-07-01T14:41:53","date_gmt":"2020-07-01T12:41:53","guid":{"rendered":"http:\/\/csoullins.org\/?page_id=899"},"modified":"2025-12-18T10:29:44","modified_gmt":"2025-12-18T09:29:44","slug":"les-projets-dhabitants","status":"publish","type":"page","link":"https:\/\/csoullins.org\/index.php\/fabrique-des-possibles\/les-projets-dhabitants\/","title":{"rendered":"Projets d&rsquo;Habitants"},"content":{"rendered":"\n<h3 class=\"wp-block-heading has-large-font-size\">Sorties en familles<\/h3>\n\n\n\n<p>Vous avez envie de vous retrouver en famille autour d\u2019activit\u00e9s ou de sorties et vous manquez d\u2019id\u00e9es ?\u00a0Avec d\u2019autres familles dans le m\u00eame cas, nous pouvons organiser ensemble une journ\u00e9e qui change de l\u2019ordinaire.<\/p>\n\n\n\n<p><strong>Adresse : Lieu de rendez-vous \u00e0 Oullins-Pierre-B\u00e9nite, d\u00e9fini en fonction de la sortie<br>T\u00e9l\u00e9phone :\u00a004 72 66 19 86\u00a0(Pascale Schmitt)<br>P\u00e9riode d&rsquo;ouverture : En fonction de la demande<br>Tarif : En fonction du quotient familial. Inscription obligatoire.<\/strong><\/p>\n\n\n\n<hr class=\"wp-block-separator has-css-opacity is-style-wide is-style-wide--1\"\/>\n\n\n\n<h3 class=\"wp-block-heading has-large-font-size\">Les causeries des parents<\/h3>\n\n\n\n<p>Pour ceux qui souhaitent rencontrer et \u00e9changer avec d&rsquo;autres parents ou qui voudraient enrichir leur r\u00e9flexion sur le r\u00f4le de parents avec l&rsquo;appui d&rsquo;intervenants professionnels. Le th\u00e8me \u00e9volue en fonction des demandes et envies des participants.<\/p>\n\n\n\n<p><strong>Adresse : Cr\u00e8che Tchoutchou (Site de la Saulaie), 11 rue de la Convention 69600 Oullins-Pierre-B\u00e9nite <br>T\u00e9l\u00e9phone : 04 72 66 39 39<\/strong><br><strong>P\u00e9riode d&rsquo;ouverture : 1 samedi par mois<br>Tarif : <strong>G<\/strong>ratuit sur inscription<\/strong> <strong>possibilit\u00e9 de garde d\u2019enfants sur demande lors de l\u2019inscription<br><\/strong><\/p>\n\n\n\n<hr class=\"wp-block-separator has-css-opacity is-style-wide is-style-wide--2\"\/>\n\n\n\n<h3 class=\"wp-block-heading has-large-font-size\">Golf\u2019n&rsquo;Co<\/h3>\n\n\n\n<p>Nous nous r\u00e9unissons autour des envies et savoir-faire des participants : cuisine, couture, bricolage, sorties\u2026 Le tout dans&nbsp;un esprit \u00e9cocitoyen chaleureux.<\/p>\n\n\n\n\n\n<hr class=\"wp-block-separator has-css-opacity is-style-wide is-style-wide--3\"\/>\n\n\n\n<h3 class=\"wp-block-heading has-large-font-size\">Projets d&rsquo;autofinancement<\/h3>\n\n\n\n<p>Vous avez un projet collectif ? Pour le financer vous pouvez vous mobiliser en proposant des tables d&rsquo;h\u00f4tes. Nous vous accompagnerons pour la mise en \u0153uvre de ces repas, ouverts \u00e0 toutes et \u00e0 tous. Nous disposons des salles et du mat\u00e9riel n\u00e9cessaires. Vous pouvez proposer d&rsquo;autres projets d&rsquo;auto-financement, nous vous soutiendrons pour les mettre en place. <\/p>\n\n\n\n<p><strong>T\u00e9l\u00e9phone :\u00a004 72 66 19 86\u00a0(Pascale Schmitt)<\/strong><\/p>\n\n\n\n<hr class=\"wp-block-separator has-css-opacity is-style-wide is-style-wide--4\"\/>\n\n\n\n<h3 class=\"wp-block-heading has-large-font-size\">Bourses<\/h3>\n\n\n\n<p>Des b\u00e9n\u00e9voles de l&rsquo;ACSO organisent 4 bourses par an :<\/p>\n\n\n\n<p><strong>Bourse aux objets<\/strong> au mois de mars<br><strong>Bourse aux v\u00eatements printemps\/\u00e9t\u00e9<\/strong> au mois de mai<br><strong>Bourse aux v\u00eatements automne\/hiver<\/strong> au mois d&rsquo;octobre<br><strong>Bourse de No\u00ebl<\/strong> au mois de d\u00e9cembre<\/p>\n\n\n\n\n\n<hr class=\"wp-block-separator has-css-opacity is-style-wide is-style-wide--5\"\/>\n\n\n\n<p><\/p>\n","protected":false},"excerpt":{"rendered":"<p>Sorties en familles Vous avez envie de vous retrouver en famille autour d\u2019activit\u00e9s ou de sorties et vous manquez d\u2019id\u00e9es ?\u00a0Avec d\u2019autres familles dans le m\u00eame cas, nous pouvons organiser ensemble une journ\u00e9e qui change de l\u2019ordinaire. Adresse : Lieu de rendez-vous \u00e0 Oullins-Pierre-B\u00e9nite, d\u00e9fini en fonction de la sortieT\u00e9l\u00e9phone :\u00a004 72 66 19 86\u00a0(Pascale [&hellip;]<\/p>\n","protected":false},"author":1,"featured_media":0,"parent":878,"menu_order":0,"comment_status":"closed","ping_status":"closed","template":"","meta":{"footnotes":""},"class_list":["post-899","page","type-page","status-publish","hentry"],"_links":{"self":[{"href":"https:\/\/csoullins.org\/index.php\/wp-json\/wp\/v2\/pages\/899","targetHints":{"allow":["GET"]}}],"collection":[{"href":"https:\/\/csoullins.org\/index.php\/wp-json\/wp\/v2\/pages"}],"about":[{"href":"https:\/\/csoullins.org\/index.php\/wp-json\/wp\/v2\/types\/page"}],"author":[{"embeddable":true,"href":"https:\/\/csoullins.org\/index.php\/wp-json\/wp\/v2\/users\/1"}],"replies":[{"embeddable":true,"href":"https:\/\/csoullins.org\/index.php\/wp-json\/wp\/v2\/comments?post=899"}],"version-history":[{"count":15,"href":"https:\/\/csoullins.org\/index.php\/wp-json\/wp\/v2\/pages\/899\/revisions"}],"predecessor-version":[{"id":2733,"href":"https:\/\/csoullins.org\/index.php\/wp-json\/wp\/v2\/pages\/899\/revisions\/2733"}],"up":[{"embeddable":true,"href":"https:\/\/csoullins.org\/index.php\/wp-json\/wp\/v2\/pages\/878"}],"wp:attachment":[{"href":"https:\/\/csoullins.org\/index.php\/wp-json\/wp\/v2\/media?parent=899"}],"curies":[{"name":"wp","href":"https:\/\/api.w.org\/{rel}","templated":true}]}}