{"id":897,"date":"2020-07-01T14:41:21","date_gmt":"2020-07-01T12:41:21","guid":{"rendered":"http:\/\/csoullins.org\/?page_id=897"},"modified":"2025-12-02T16:12:28","modified_gmt":"2025-12-02T15:12:28","slug":"ateliers","status":"publish","type":"page","link":"https:\/\/csoullins.org\/index.php\/fabrique-des-possibles\/ateliers\/","title":{"rendered":"Ateliers"},"content":{"rendered":"\n<h3 class=\"wp-block-heading has-large-font-size\">Couture &#8211; P\u2019tites mains agiles<\/h3>\n\n\n\n<p>Chaque semaine, plut\u00f4t que de rester seul \u00e0 la maison, venez avec votre ouvrage (travaux d\u2019aiguilles, petit bricolage, timbres \u00e0 classer\u2026). Dans une ambiance conviviale, vous pourrez montrer vos r\u00e9alisations, transmettre vos savoir-faire, trouver id\u00e9es et conseils. Si vous le d\u00e9sirez, vous pourrez m\u00eame vous mobiliser pour le d\u00e9fi T\u00e9l\u00e9thon.&nbsp;<\/p>\n\n\n\n<p><strong>Adresse<\/strong> : Centre Social Moreaud, 91 rue de la R\u00e9publique &#8211; 69600 Oullins-Pierre-B\u00e9nite<br><strong>T\u00e9l\u00e9phone<\/strong> : 04 72 66 39 39<br><strong>P\u00e9riode d&rsquo;ouverture : <\/strong>mardi et vendredi de 14h \u00e0 17h<strong><br>Tarif : <\/strong>Gratuit &#8211; sur adh\u00e9sion<\/p>\n\n\n\n<hr class=\"wp-block-separator has-css-opacity is-style-wide is-style-wide--1\"\/>\n\n\n\n<h3 class=\"wp-block-heading has-large-font-size\">Jeux de Soci\u00e9t\u00e9<\/h3>\n\n\n\n<p>C\u2019est en toute simplicit\u00e9 que vous pouvez vous retrouver autour de jeux de soci\u00e9t\u00e9 (scrabble, jeux de cartes, &#8230;) Un temps convivial propice \u00e0 la rencontre et \u00e0 l\u2019\u00e9change.<\/p>\n\n\n\n<p><strong>Adresse<\/strong> : Centre Social Moreaud, 91 rue de la R\u00e9publique &#8211; 69600 Oullins-Pierre-B\u00e9nite<br><strong>T\u00e9l\u00e9phone<\/strong> :\u00a004 72 66 39 39<br><strong>P\u00e9riode d&rsquo;ouverture :<\/strong> <br>&#8211; Mardi tarot de 14h \u00e0 17h30, <br>&#8211; Jeudi scrabble de 14h \u00e0 17h30 <br><strong>Tarif : <\/strong>6\u20ac \/an &#8211; sur adh\u00e9sion<\/p>\n","protected":false},"excerpt":{"rendered":"<p>Couture &#8211; P\u2019tites mains agiles Chaque semaine, plut\u00f4t que de rester seul \u00e0 la maison, venez avec votre ouvrage (travaux d\u2019aiguilles, petit bricolage, timbres \u00e0 classer\u2026). Dans une ambiance conviviale, vous pourrez montrer vos r\u00e9alisations, transmettre vos savoir-faire, trouver id\u00e9es et conseils. Si vous le d\u00e9sirez, vous pourrez m\u00eame vous mobiliser pour le d\u00e9fi T\u00e9l\u00e9thon.&nbsp; [&hellip;]<\/p>\n","protected":false},"author":1,"featured_media":0,"parent":878,"menu_order":0,"comment_status":"closed","ping_status":"closed","template":"","meta":{"footnotes":""},"class_list":["post-897","page","type-page","status-publish","hentry"],"_links":{"self":[{"href":"https:\/\/csoullins.org\/index.php\/wp-json\/wp\/v2\/pages\/897","targetHints":{"allow":["GET"]}}],"collection":[{"href":"https:\/\/csoullins.org\/index.php\/wp-json\/wp\/v2\/pages"}],"about":[{"href":"https:\/\/csoullins.org\/index.php\/wp-json\/wp\/v2\/types\/page"}],"author":[{"embeddable":true,"href":"https:\/\/csoullins.org\/index.php\/wp-json\/wp\/v2\/users\/1"}],"replies":[{"embeddable":true,"href":"https:\/\/csoullins.org\/index.php\/wp-json\/wp\/v2\/comments?post=897"}],"version-history":[{"count":14,"href":"https:\/\/csoullins.org\/index.php\/wp-json\/wp\/v2\/pages\/897\/revisions"}],"predecessor-version":[{"id":2693,"href":"https:\/\/csoullins.org\/index.php\/wp-json\/wp\/v2\/pages\/897\/revisions\/2693"}],"up":[{"embeddable":true,"href":"https:\/\/csoullins.org\/index.php\/wp-json\/wp\/v2\/pages\/878"}],"wp:attachment":[{"href":"https:\/\/csoullins.org\/index.php\/wp-json\/wp\/v2\/media?parent=897"}],"curies":[{"name":"wp","href":"https:\/\/api.w.org\/{rel}","templated":true}]}}