{"id":893,"date":"2020-07-01T14:40:11","date_gmt":"2020-07-01T12:40:11","guid":{"rendered":"http:\/\/csoullins.org\/?page_id=893"},"modified":"2026-04-08T15:34:17","modified_gmt":"2026-04-08T13:34:17","slug":"adultes-et-familles","status":"publish","type":"page","link":"https:\/\/csoullins.org\/index.php\/activites-services\/adultes-et-familles\/","title":{"rendered":"Adultes et Familles"},"content":{"rendered":"\n<h3 class=\"wp-block-heading has-large-font-size\">Cours de langue fran\u00e7aise<\/h3>\n\n\n\n<p>Pour apprendre le fran\u00e7ais ou mieux le ma\u00eetriser, pour \u00eatre plus ind\u00e9pendant dans votre vie quotidienne. Plusieurs groupes de niveaux existent pour r\u00e9pondre au mieux \u00e0 vos besoins.<\/p>\n\n\n\n<h4 class=\"wp-block-heading\">INSCRIPTION<\/h4>\n\n\n\n<p>1eres semaines de septembre , puis tout au long de l\u2019ann\u00e9e sur RDV.<\/p>\n\n\n\n<p>Adresse : Centre Social Moreaud, 91 rue de La R\u00e9publique &#8211; 69600 Oullins-Pierre-B\u00e9nite<br>T\u00e9l\u00e9phone : 04 72 66 39 39 &#8211;&nbsp;07 71 21 60 47<br>M\u00e9l : fle@csoullins.com<br><strong>P\u00e9riode d&rsquo;ouverture :&nbsp;En semaine, hors vacances scolaires<br>Tarif : Adh\u00e9sion 12\u20ac + participation obligatoire \u00e0 1 projet d\u2019autofinancement<\/strong><\/p>\n\n\n\n<div class=\"wp-block-columns is-layout-flex wp-container-core-columns-is-layout-28f84493 wp-block-columns-is-layout-flex\">\n<div class=\"wp-block-column is-layout-flow wp-block-column-is-layout-flow\"><\/div>\n\n\n\n<div class=\"wp-block-column is-layout-flow wp-block-column-is-layout-flow\">\n<figure class=\"wp-block-embed is-type-video is-provider-youtube wp-block-embed-youtube wp-embed-aspect-9-16 wp-has-aspect-ratio\"><div class=\"wp-block-embed__wrapper\">\n<iframe loading=\"lazy\" title=\"90 secondes avec les saveurs du FLE\" width=\"422\" height=\"750\" src=\"https:\/\/www.youtube.com\/embed\/THdHLPxgmjM?feature=oembed\" frameborder=\"0\" allow=\"accelerometer; autoplay; clipboard-write; encrypted-media; gyroscope; picture-in-picture; web-share\" referrerpolicy=\"strict-origin-when-cross-origin\" allowfullscreen><\/iframe>\n<\/div><\/figure>\n<\/div>\n\n\n\n<div class=\"wp-block-column is-layout-flow wp-block-column-is-layout-flow\"><\/div>\n<\/div>\n\n\n\n<hr class=\"wp-block-separator has-css-opacity is-style-wide is-style-wide--1\"\/>\n\n\n\n<h3 class=\"wp-block-heading has-large-font-size\">Sorties familiales <\/h3>\n\n\n\n<p>Envies de d\u00e9couverte, d\u2019\u00e9vasion et d\u2019air frais? Tout au long de l\u2019ann\u00e9e, des sorties en car \u00e0 la journ\u00e9e vous sont propos\u00e9es pour des activit\u00e9s en famille et partager des bons moments avec le groupe.&nbsp;Si vous le souhaitez, vous pouvez aussi participer \u00e0 l\u2019organisation de ces sorties.<\/p>\n\n\n\n<h4 class=\"wp-block-heading\">INSCRIPTION<\/h4>\n\n\n\n<p>Aupr\u00e8s des accueils Moreaud et Saulaie.<\/p>\n\n\n\n<p>Adresse : Centre Social Moreaud, 91 rue de La R\u00e9publique &#8211; 69600 Oullins-Pierre-B\u00e9nite<br>Adresse : Centre social de la Saulaie, 11 rue de la Convention 69600 Oullins-Pierre-B\u00e9nite<br>T\u00e9l\u00e9phone : 04 72 66 39 39<br><strong>P\u00e9riode d&rsquo;ouverture : programme d\u00e9termin\u00e9 ensemble.<br>Tarif : Adh\u00e9sion 12 euros + Prix de l&rsquo;activit\u00e9 en fonction du Quotient Familial CAF<\/strong><\/p>\n\n\n\n<hr class=\"wp-block-separator has-css-opacity is-style-wide is-style-wide--2\"\/>\n\n\n\n<h3 class=\"wp-block-heading has-large-font-size\">Biblioth\u00e8que de rue <\/h3>\n\n\n\n<p>La biblioth\u00e8que de rue souhaite donner le go\u00fbt des livres \u00e0 tous les enfants. Chaque mardi apr\u00e8s-midi \u00e0 la sortie de l&rsquo;\u00e9cole, les enfants et leur famille peuvent venir lire, d\u00e9chiffrer, \u00e9couter&#8230; On y trouve des livres pour toutes les envies et pour tous  les \u00e2ges, des livres pour acc\u00e9der au savoir, des livres comme pr\u00e9texte \u00e0 l&rsquo;\u00e9change. Des b\u00e9n\u00e9voles et des professionnels sont pr\u00e9sents pour faire vivre ce lien avec les enfants et leur famille.<\/p>\n\n\n\n<p>Adresses : <br><em>Aux beaux jours<\/em> : Place de la Convention 69600 Oullins-Pierre-B\u00e9nite &#8211; devant l&rsquo;\u00e9cole de la Saulaie<br><em>Quand il fait froid<\/em>&nbsp;: salle d\u2019activit\u00e9s du centre socioculturel de La Saulaie, 11 rue de la Convention, 69600 Oullins-Pierre-B\u00e9nite.<br>T\u00e9l\u00e9phone : 04 72 66 39 39<br><strong>P\u00e9riode d&rsquo;ouverture : tous les mardis hors vacances scolaires de 16h30 \u00e0 17h30<br>Tarif : gratuit<\/strong><\/p>\n\n\n\n<hr class=\"wp-block-separator has-css-opacity\"\/>\n\n\n\n<h3 class=\"wp-block-heading has-large-font-size\">Accompagnement au d\u00e9part en vacances familiales<\/h3>\n\n\n\n<p>Vous souhaitez partir en vacances en famille mais vous ne savez pas comment vous organiser ?&nbsp;D\u00e8s le mois de janvier, le collectif vacances d&rsquo;Oullins peut vous accompagner pour \u00e9tablir un budget, rechercher un h\u00e9bergement, le transport et les activit\u00e9s.<\/p>\n\n\n\n<h4 class=\"wp-block-heading\">INSCRIPTION<\/h4>\n\n\n\n<p>Sur rendez-vous.<\/p>\n\n\n\n<p>Adresse : 11 rue de la Convention 69600 Oullins (Site Saulaie)<br>T\u00e9l\u00e9phone : 04 72 66 39 39<br><strong>Tarif : Gratuit<\/strong><\/p>\n\n\n\n<hr class=\"wp-block-separator has-css-opacity is-style-wide is-style-wide--3\"\/>\n\n\n\n<h3 class=\"wp-block-heading has-large-font-size\">Samedi\u2019ff\u00e9rence <\/h3>\n\n\n\n<p>Nous proposons un temps de vie convivial hors du cadre familial et des institutions sp\u00e9cialis\u00e9es, \u00e0 des adultes pr\u00e9sentant un handicap intellectuel : courses au march\u00e9, cuisine, repas partag\u00e9, pr\u00e9paration culinaire pour des \u00e9v\u00e8nements de la structure.<\/p>\n\n\n\n<h4 class=\"wp-block-heading\">INSCRIPTION<\/h4>\n\n\n\n<p>Aupr\u00e8s des accueils Moreaud et Saulaie.<\/p>\n\n\n\n<p>Adresse : Centre Social Moreaud, 91 rue de La R\u00e9publique &#8211; 69600 Oullins-Pierre-B\u00e9nite<br>T\u00e9l\u00e9phone :&nbsp;04 72 66 39 39<br><strong>P\u00e9riode d&rsquo;ouverture : 2 samedis par d\u2019Octobre \u00e0 Juin.<br>Tarif : Adh\u00e9sion (12\u20ac) + 16\u20ac l&rsquo;ann\u00e9e + 8\u20ac\/s\u00e9ance<\/strong><\/p>\n\n\n\n<hr class=\"wp-block-separator has-css-opacity\"\/>\n\n\n\n<h3 class=\"wp-block-heading has-large-font-size\">Scrabble<\/h3>\n\n\n\n<p>Tous les jeudis de 14h \u00e0 17 h30<\/p>\n\n\n\n<p>Adresse : Centre Social Moreaud, 91 rue de La R\u00e9publique &#8211; 69600 Oullins-Pierre-B\u00e9nite<br>T\u00e9l\u00e9phone :&nbsp;04 72 66 39 39<br><strong>6 \u20ac\/ an &#8211; Sur adh\u00e9sion<br>Sur inscription<\/strong><br><strong>Contact : 04 72 66 39 39<\/strong><\/p>\n\n\n\n<hr class=\"wp-block-separator has-css-opacity\"\/>\n\n\n\n<h3 class=\"wp-block-heading has-large-font-size\">Cartes (tarot)<\/h3>\n\n\n\n<p>Tous les mardis de 14h \u00e0 17 h30<\/p>\n\n\n\n<p>Adresse : Centre Social Moreaud, 91 rue de La R\u00e9publique &#8211; 69600 Oullins-Pierre-B\u00e9nite<br><br><strong>6 \u20ac\/ an &#8211; sur adh\u00e9sion et inscription<\/strong><br><strong>Contact : 04 72 66 39 39<\/strong><\/p>\n\n\n\n<hr class=\"wp-block-separator has-css-opacity\"\/>\n\n\n\n<h3 class=\"wp-block-heading has-large-font-size\">P\u2019tites Mains Agiles<\/h3>\n\n\n\n<p>Ne restez pas seul \u00e0 la maison, venez avec votre ouvrage (travaux d\u2019aiguilles, petit bricolage, timbres \u00e0 classer\u2026) transmettre vos savoir-faire, trouver id\u00e9es et conseils, dans une ambiance conviviale. Si vous le d\u00e9sirez, mobilisez-vous \u00e9galement pour le d\u00e9fi T\u00e9l\u00e9thon&nbsp;!<\/p>\n\n\n\n<p> De 14h00-17h00 les mardis toute l\u2019ann\u00e9e et les vendredis hors vacances scolaires<\/p>\n\n\n\n<p><strong>Adresse<\/strong> : Centre Social Moreaud, 91 rue de La R\u00e9publique &#8211; 69600 Oullins-Pierre-B\u00e9nite<br><strong>Sur adh\u00e9sion T\u00e9l\u00e9phone :&nbsp;04 72 66 39 39<\/strong><\/p>\n\n\n\n<hr class=\"wp-block-separator has-css-opacity\"\/>\n\n\n\n<h3 class=\"wp-block-heading has-large-font-size\">Cr\u00e9ajoy- Ateliers cr\u00e9atifs Parents\/Enfants<\/h3>\n\n\n\n<p>Cet atelier ludique et cr\u00e9atif propose aux parents accompagn\u00e9s de leur(s) enfant(s), \u00e2g\u00e9s de 4 \u00e0 10 ans, un moment de plaisir et de rencontre entre familles.<\/p>\n\n\n\n<p><strong>Adresse<\/strong> : Centre social de la Saulaie, 11 rue de la Convention &#8211; 69600 Oullins-Pierre-B\u00e9nite<strong><br>Un mercredi sur deux, 2 cr\u00e9neaux disponibles : 10h \u00e0 11h30, ou 14h30 &#8211; 16h<br>Gratuit &#8211; sur adh\u00e9sion<br>Sur inscription aupr\u00e8s des accueils-Places limit\u00e9es<\/strong><\/p>\n\n\n\n<hr class=\"wp-block-separator has-css-opacity\"\/>\n\n\n\n<h3 class=\"wp-block-heading has-large-font-size\">Mini-Randos &#8211; Petits &amp; Grands<\/h3>\n\n\n\n<p>L&rsquo;ACSO et la Gymnastique Volontaire vous proposent de (re)d\u00e9couvrir les multiples<br>sentiers de randonn\u00e9es dans et en p\u00e9riph\u00e9rie de la commune, guid\u00e9s par M\u00e9lanie, animatrice sportive.<br><\/p>\n\n\n\n<p><strong>1 samedi par mois<br>Tarifs 5 \u20ac famille \/ 3\u20ac personne seule &#8211; sur adh\u00e9sion<br>Sur Inscription aupr\u00e8s des accueils<\/strong><\/p>\n\n\n\n<hr class=\"wp-block-separator has-css-opacity\"\/>\n\n\n\n<p><\/p>\n","protected":false},"excerpt":{"rendered":"<p>Cours de langue fran\u00e7aise Pour apprendre le fran\u00e7ais ou mieux le ma\u00eetriser, pour \u00eatre plus ind\u00e9pendant dans votre vie quotidienne. Plusieurs groupes de niveaux existent pour r\u00e9pondre au mieux \u00e0 vos besoins. INSCRIPTION 1eres semaines de septembre , puis tout au long de l\u2019ann\u00e9e sur RDV. Adresse : Centre Social Moreaud, 91 rue de La [&hellip;]<\/p>\n","protected":false},"author":1,"featured_media":0,"parent":876,"menu_order":0,"comment_status":"closed","ping_status":"closed","template":"","meta":{"footnotes":""},"class_list":["post-893","page","type-page","status-publish","hentry"],"_links":{"self":[{"href":"https:\/\/csoullins.org\/index.php\/wp-json\/wp\/v2\/pages\/893","targetHints":{"allow":["GET"]}}],"collection":[{"href":"https:\/\/csoullins.org\/index.php\/wp-json\/wp\/v2\/pages"}],"about":[{"href":"https:\/\/csoullins.org\/index.php\/wp-json\/wp\/v2\/types\/page"}],"author":[{"embeddable":true,"href":"https:\/\/csoullins.org\/index.php\/wp-json\/wp\/v2\/users\/1"}],"replies":[{"embeddable":true,"href":"https:\/\/csoullins.org\/index.php\/wp-json\/wp\/v2\/comments?post=893"}],"version-history":[{"count":23,"href":"https:\/\/csoullins.org\/index.php\/wp-json\/wp\/v2\/pages\/893\/revisions"}],"predecessor-version":[{"id":3080,"href":"https:\/\/csoullins.org\/index.php\/wp-json\/wp\/v2\/pages\/893\/revisions\/3080"}],"up":[{"embeddable":true,"href":"https:\/\/csoullins.org\/index.php\/wp-json\/wp\/v2\/pages\/876"}],"wp:attachment":[{"href":"https:\/\/csoullins.org\/index.php\/wp-json\/wp\/v2\/media?parent=893"}],"curies":[{"name":"wp","href":"https:\/\/api.w.org\/{rel}","templated":true}]}}