{"id":889,"date":"2020-07-01T14:13:42","date_gmt":"2020-07-01T12:13:42","guid":{"rendered":"http:\/\/csoullins.org\/?page_id=889"},"modified":"2026-03-31T10:42:35","modified_gmt":"2026-03-31T08:42:35","slug":"accueils-de-loisirs","status":"publish","type":"page","link":"https:\/\/csoullins.org\/index.php\/activites-services\/accueils-de-loisirs\/","title":{"rendered":"Accueils de loisirs \/ 3-17 ans"},"content":{"rendered":"\n<div class=\"wp-block-columns is-layout-flex wp-container-core-columns-is-layout-28f84493 wp-block-columns-is-layout-flex\">\n<div class=\"wp-block-column is-layout-flow wp-block-column-is-layout-flow\">\n<div class=\"wp-block-buttons is-content-justification-center is-layout-flex wp-container-core-buttons-is-layout-a89b3969 wp-block-buttons-is-layout-flex\">\n<div class=\"wp-block-button\"><a class=\"wp-block-button__link has-small-font-size has-custom-font-size wp-element-button\" href=\"https:\/\/csoullins.org\/wp-content\/uploads\/2025\/07\/FLYER-DATES-DINSCRIPTIONS-25-26.pdf\" target=\"_blank\" rel=\"noreferrer noopener\">Inscriptions 2025 &gt; 2026<\/a><\/div>\n<\/div>\n<\/div>\n\n\n\n<div class=\"wp-block-column is-layout-flow wp-block-column-is-layout-flow\">\n<div class=\"wp-block-buttons is-content-justification-center is-layout-flex wp-container-core-buttons-is-layout-a89b3969 wp-block-buttons-is-layout-flex\">\n<div class=\"wp-block-button\"><a class=\"wp-block-button__link has-small-font-size has-custom-font-size wp-element-button\" href=\"https:\/\/csoullins.org\/wp-content\/uploads\/2025\/07\/2025_2026_REGLEMENT_FONCTIONNEMENT_ENFANCE-.pdf\" target=\"_blank\" rel=\"noreferrer noopener\">R\u00e8glement CL Enfance<\/a><\/div>\n<\/div>\n<\/div>\n\n\n\n<div class=\"wp-block-column is-layout-flow wp-block-column-is-layout-flow\">\n<div class=\"wp-block-buttons is-content-justification-center is-layout-flex wp-container-core-buttons-is-layout-a89b3969 wp-block-buttons-is-layout-flex\">\n<div class=\"wp-block-button\"><a class=\"wp-block-button__link has-small-font-size has-custom-font-size wp-element-button\" href=\"https:\/\/csoullins.org\/wp-content\/uploads\/2026\/02\/2026-01-23-REGLEMENT_FONCTIONNEMENT_JEUNESSE.pdf\" target=\"_blank\" rel=\"noreferrer noopener\">R\u00e8glement CL Jeunesse<\/a><\/div>\n<\/div>\n<\/div>\n<\/div>\n\n\n\n<p>Nous proposons des accueils de loisirs pour vos enfants de 3 \u00e0 17&nbsp;ans. <br>Nos accueils sont des espaces \u00e9ducatifs compl\u00e9mentaires&nbsp;\u00e0&nbsp;votre vie familiale et&nbsp;\u00e0&nbsp;l\u2019\u00e9cole.&nbsp;L\u2019ACSO contribue ainsi \u00e0 la co\u00e9ducation des enfants. <br>Nos intentions \u00e9ducatives se d\u00e9clinent par tranche d\u2019\u00e2ge dans nos projets p\u00e9dagogiques :<\/p>\n\n\n\n<ul class=\"wp-block-list\">\n<li>la socialisation des enfants de 3 \u00e0 6 ans<\/li>\n\n\n\n<li>la prise d\u2019initiative des enfants de 6 \u00e0 12 ans<\/li>\n\n\n\n<li>la prise de d\u00e9cision des jeunes de 11 \u00e0 17 ans<\/li>\n<\/ul>\n\n\n\n<h4 class=\"wp-block-heading\">INSCRIPTION  ET R\u00c9SERVATION<\/h4>\n\n\n\n<p><strong>L&rsquo;INSCRIPTION<\/strong> correspond \u00e0 la constitution du dossier administratif. Cette d\u00e9marche a lieu sur les accueils Moreaud et Saulaie. Le dossier est valable pendant un an. Les documents \u00e0 fournir par les familles sont : le quotient familial CAF du mois en cours et le carnet de vaccination de l&rsquo;enfant.<\/p>\n\n\n\n<p><strong>LA R\u00c9SERVATION<\/strong> d&rsquo;une place sur l&rsquo;accueil de loisirs :&nbsp;<\/p>\n\n\n\n<ul class=\"wp-block-list\">\n<li>Secteur 3-12 ans : la r\u00e9servation peut se faire :\n<ul class=\"wp-block-list\">\n<li>soit sur l&rsquo;Espace Famille&nbsp;<a href=\"https:\/\/espacefamille.aiga.fr\/1626256\" target=\"_blank\" rel=\"noreferrer noopener\">https:\/\/espacefamille.aiga.fr\/1626256&nbsp;<\/a><\/li>\n\n\n\n<li>soit directement aux accueils Moreaud et Saulaie.<\/li>\n<\/ul>\n<\/li>\n<\/ul>\n\n\n\n<ul class=\"wp-block-list\">\n<li>Secteur 11-17 ans : la r\u00e9servation se fait uniquement aux accueils Moreaud et Saulaie.<\/li>\n<\/ul>\n\n\n\n<p><strong>LE CALENDRIER DES R\u00c9SERVATIONS POUR LES ACCUEILS DE LOISIRS 3-12 ANS :<\/strong><br><\/p>\n\n\n\n<div class=\"wp-block-buttons is-layout-flex wp-block-buttons-is-layout-flex\">\n<div class=\"wp-block-button\"><a class=\"wp-block-button__link has-small-font-size has-custom-font-size wp-element-button\" href=\"https:\/\/csoullins.org\/wp-content\/uploads\/2026\/01\/FLYER-DATES-DINSCRIPTIONS-25-26.pdf\">Calendrier des inscriptions 2025-26<\/a><\/div>\n<\/div>\n\n\n\n<hr class=\"wp-block-separator has-css-opacity is-style-wide is-style-wide--1\"\/>\n\n\n\n<h3 class=\"wp-block-heading has-large-font-size\">Accueil de loisirs \u00ables Lutins\u00bb \/ 3-6 ans<\/h3>\n\n\n\n<p>C\u2019est un lieu r\u00e9fl\u00e9chi et adapt\u00e9, d\u00e9di\u00e9 aux loisirs, \u00e0 la d\u00e9tente, \u00e0 la d\u00e9couverte et \u00e0 l\u2019exp\u00e9rimentation. L\u2019\u00e9quipe d\u2019animation aide vos enfants \u00e0 grandir en respectant leurs rythmes et leurs besoins, tout en accompagnant leur socialisation. Les Lutins sont la premi\u00e8re \u00e9tape du parcours \u00ab Cit\u00e9 d\u2019enfants \u00bb : les enfants cr\u00e9ent leur village.<\/p>\n\n\n\n<div class=\"wp-block-buttons is-layout-flex wp-block-buttons-is-layout-flex\">\n<div class=\"wp-block-button has-custom-width wp-block-button__width-50\"><a class=\"wp-block-button__link has-small-font-size has-custom-font-size wp-element-button\" href=\"https:\/\/csoullins.org\/wp-content\/uploads\/2026\/02\/Prog-LUTINS-Mercredis-Mars-Avril-2026.pdf\">Programme Lutins MERCREDIS MARS-AVRIL 2026.pdf<\/a><\/div>\n\n\n\n<div class=\"wp-block-button has-custom-width wp-block-button__width-50\"><a class=\"wp-block-button__link has-small-font-size has-custom-font-size wp-element-button\" href=\"https:\/\/csoullins.org\/wp-content\/uploads\/2026\/03\/Prog-LUTINS-Vac-PRINTEMPS-2026.pdf\">Programme LUTINS Vacances de printemps 2026<\/a><\/div>\n<\/div>\n\n\n\n<hr class=\"wp-block-separator has-css-opacity is-style-wide is-style-wide--2\"\/>\n\n\n\n<h3 class=\"wp-block-heading has-large-font-size\">Accueil de loisirs &#8211; \u00abCit\u00e9s d\u2019Enfants\u00bb \/6-11 ans<\/h3>\n\n\n\n<p>Nous sommes labellis\u00e9s par l\u2019association \u00ab&nbsp;Cit\u00e9 d\u2019Enfants&nbsp;\u00bb qui a form\u00e9 l\u2019\u00e9quipe d\u2019animation \u00e0 une p\u00e9dagogie de la d\u00e9cision. L\u2019enfant est acteur et d\u00e9cideur de ses loisirs. Il est partie prenante du projet d\u2019animation et peut y apporter des modifications.<br>Nous mettons \u00e9galement en place des projets atypiques, comme des d\u00e9parts \u00e0 l\u2019\u00e9tranger, des week-ends culturels et des s\u00e9jours en \u00e9t\u00e9.<\/p>\n\n\n\n<div class=\"wp-block-buttons is-layout-flex wp-block-buttons-is-layout-flex\"><\/div>\n\n\n\n<div class=\"wp-block-buttons is-layout-flex wp-block-buttons-is-layout-flex\">\n<div class=\"wp-block-button\"><a class=\"wp-block-button__link has-small-font-size has-custom-font-size wp-element-button\" href=\"https:\/\/csoullins.org\/wp-content\/uploads\/2021\/03\/Presentation-Cites-dEnfants-7.pdf\" target=\"_blank\" rel=\"noreferrer noopener\">PR\u00c9SENTATION CIT\u00c9S D&rsquo;ENFANTS<\/a><\/div>\n\n\n\n\n\n<div class=\"wp-block-button\"><a class=\"wp-block-button__link has-small-font-size has-custom-font-size wp-element-button\" href=\"https:\/\/csoullins.org\/wp-content\/uploads\/2026\/03\/Vacance-printemps-2026-1.pdf\">Programme 6-12 ANS <br>Vacances de printemps 2026<\/a><\/div>\n<\/div>\n\n\n\n<hr class=\"wp-block-separator has-css-opacity is-style-wide is-style-wide--3\"\/>\n\n\n\n<h3 class=\"wp-block-heading has-large-font-size\">Accueil de loisirs \/ 11-17ans<\/h3>\n\n\n\n<p>Nos lieux d\u2019accueil favorisent les rencontres et les \u00e9changes entre les jeunes dans le respect de chacun et permettent de les accompagner \u00e0 devenir des citoyens autonomes et responsables. <\/p>\n\n\n\n<div class=\"wp-block-group is-layout-flow wp-block-group-is-layout-flow\">\n<p><\/p>\n<\/div>\n","protected":false},"excerpt":{"rendered":"<p>Nous proposons des accueils de loisirs pour vos enfants de 3 \u00e0 17&nbsp;ans. Nos accueils sont des espaces \u00e9ducatifs compl\u00e9mentaires&nbsp;\u00e0&nbsp;votre vie familiale et&nbsp;\u00e0&nbsp;l\u2019\u00e9cole.&nbsp;L\u2019ACSO contribue ainsi \u00e0 la co\u00e9ducation des enfants. Nos intentions \u00e9ducatives se d\u00e9clinent par tranche d\u2019\u00e2ge dans nos projets p\u00e9dagogiques : INSCRIPTION ET R\u00c9SERVATION L&rsquo;INSCRIPTION correspond \u00e0 la constitution du dossier administratif. Cette [&hellip;]<\/p>\n","protected":false},"author":1,"featured_media":0,"parent":876,"menu_order":0,"comment_status":"closed","ping_status":"closed","template":"","meta":{"footnotes":""},"class_list":["post-889","page","type-page","status-publish","hentry"],"_links":{"self":[{"href":"https:\/\/csoullins.org\/index.php\/wp-json\/wp\/v2\/pages\/889","targetHints":{"allow":["GET"]}}],"collection":[{"href":"https:\/\/csoullins.org\/index.php\/wp-json\/wp\/v2\/pages"}],"about":[{"href":"https:\/\/csoullins.org\/index.php\/wp-json\/wp\/v2\/types\/page"}],"author":[{"embeddable":true,"href":"https:\/\/csoullins.org\/index.php\/wp-json\/wp\/v2\/users\/1"}],"replies":[{"embeddable":true,"href":"https:\/\/csoullins.org\/index.php\/wp-json\/wp\/v2\/comments?post=889"}],"version-history":[{"count":117,"href":"https:\/\/csoullins.org\/index.php\/wp-json\/wp\/v2\/pages\/889\/revisions"}],"predecessor-version":[{"id":3073,"href":"https:\/\/csoullins.org\/index.php\/wp-json\/wp\/v2\/pages\/889\/revisions\/3073"}],"up":[{"embeddable":true,"href":"https:\/\/csoullins.org\/index.php\/wp-json\/wp\/v2\/pages\/876"}],"wp:attachment":[{"href":"https:\/\/csoullins.org\/index.php\/wp-json\/wp\/v2\/media?parent=889"}],"curies":[{"name":"wp","href":"https:\/\/api.w.org\/{rel}","templated":true}]}}