{"id":884,"date":"2020-07-01T14:10:38","date_gmt":"2020-07-01T12:10:38","guid":{"rendered":"http:\/\/csoullins.org\/?page_id=884"},"modified":"2026-04-08T17:57:14","modified_gmt":"2026-04-08T15:57:14","slug":"nous-recherchons","status":"publish","type":"page","link":"https:\/\/csoullins.org\/index.php\/nous-recherchons\/","title":{"rendered":"Nous recherchons"},"content":{"rendered":"\n<p><strong>Des b\u00e9n\u00e9voles&nbsp;<\/strong><\/p>\n\n\n\n<p>Tout au long de l&rsquo;ann\u00e9e nous recherchons des b\u00e9n\u00e9voles pour les activit\u00e9s et projets tels que les cours d&rsquo;apprentissage du fran\u00e7ais, les sorties culturelles, les rencontres autour de la cuisine&#8230; et d&rsquo;autres encore. N&rsquo;h\u00e9sitez pas \u00e0 nous faire part de vos envies et de vos comp\u00e9tences.<\/p>\n","protected":false},"excerpt":{"rendered":"<p>Des b\u00e9n\u00e9voles&nbsp; Tout au long de l&rsquo;ann\u00e9e nous recherchons des b\u00e9n\u00e9voles pour les activit\u00e9s et projets tels que les cours d&rsquo;apprentissage du fran\u00e7ais, les sorties culturelles, les rencontres autour de la cuisine&#8230; et d&rsquo;autres encore. N&rsquo;h\u00e9sitez pas \u00e0 nous faire part de vos envies et de vos comp\u00e9tences.<\/p>\n","protected":false},"author":1,"featured_media":0,"parent":0,"menu_order":0,"comment_status":"closed","ping_status":"closed","template":"","meta":{"footnotes":""},"class_list":["post-884","page","type-page","status-publish","hentry"],"_links":{"self":[{"href":"https:\/\/csoullins.org\/index.php\/wp-json\/wp\/v2\/pages\/884","targetHints":{"allow":["GET"]}}],"collection":[{"href":"https:\/\/csoullins.org\/index.php\/wp-json\/wp\/v2\/pages"}],"about":[{"href":"https:\/\/csoullins.org\/index.php\/wp-json\/wp\/v2\/types\/page"}],"author":[{"embeddable":true,"href":"https:\/\/csoullins.org\/index.php\/wp-json\/wp\/v2\/users\/1"}],"replies":[{"embeddable":true,"href":"https:\/\/csoullins.org\/index.php\/wp-json\/wp\/v2\/comments?post=884"}],"version-history":[{"count":5,"href":"https:\/\/csoullins.org\/index.php\/wp-json\/wp\/v2\/pages\/884\/revisions"}],"predecessor-version":[{"id":3082,"href":"https:\/\/csoullins.org\/index.php\/wp-json\/wp\/v2\/pages\/884\/revisions\/3082"}],"wp:attachment":[{"href":"https:\/\/csoullins.org\/index.php\/wp-json\/wp\/v2\/media?parent=884"}],"curies":[{"name":"wp","href":"https:\/\/api.w.org\/{rel}","templated":true}]}}