{"id":18,"date":"2019-11-20T12:20:31","date_gmt":"2019-11-20T11:20:31","guid":{"rendered":"http:\/\/csoullins.org\/?page_id=18"},"modified":"2026-02-18T15:25:50","modified_gmt":"2026-02-18T14:25:50","slug":"qui-sommes-nous","status":"publish","type":"page","link":"https:\/\/csoullins.org\/index.php\/qui-sommes-nous\/","title":{"rendered":"Qui sommes nous ?"},"content":{"rendered":"\n<p><br><strong>L&rsquo;ACSO, ce sont des services et des activit\u00e9s <\/strong>sociales, culturelles, \u00e9ducatives, num\u00e9riques, familiales pour r\u00e9pondre aux besoins des habitants sur la ville d&rsquo;Oullins. De la petite enfance aux s\u00e9niors, vous y d\u00e9couvrirez des cr\u00e8ches, des centres de loisirs, des ateliers&#8230;<\/p>\n\n\n\n<p><br><strong>L&rsquo;ACSO, c&rsquo;est aussi une fabrique des possibles<\/strong>. Vous pouvez cr\u00e9er ou participer \u00e0 des projets et inventer des r\u00e9ponses pour cr\u00e9er du lien, relier les gens, faire soci\u00e9t\u00e9\u2026 C&rsquo;est une p\u00e9pini\u00e8re d&rsquo;initiatives citoyennes pour d\u00e9velopper le pouvoir d&rsquo;agir habitants.<\/p>\n\n\n\n<p><a rel=\"noreferrer noopener\" href=\"https:\/\/fede69.centres-sociaux.fr\/\" target=\"_blank\">https:\/\/fede69.centres-sociaux.fr\/<\/a><\/p>\n\n\n\n<p><a rel=\"noreferrer noopener\" href=\"https:\/\/auracs.centres-sociaux.fr\/\" target=\"_blank\">https:\/\/auracs.centres-sociaux.fr\/<\/a> <\/p>\n\n\n\n<p><a rel=\"noreferrer noopener\" href=\"https:\/\/www.centres-sociaux.fr\/\" target=\"_blank\">https:\/\/www.centres-sociaux.fr\/<\/a><\/p>\n\n\n\n<p><\/p>\n\n\n\n<figure class=\"wp-block-embed is-type-video is-provider-youtube wp-block-embed-youtube wp-embed-aspect-16-9 wp-has-aspect-ratio\"><div class=\"wp-block-embed__wrapper\">\n<iframe loading=\"lazy\" title=\"Dessin anim\u00e9 La Fabrique des possibles\" width=\"500\" height=\"281\" src=\"https:\/\/www.youtube.com\/embed\/csV81LRxxkI?feature=oembed\" frameborder=\"0\" allow=\"accelerometer; autoplay; clipboard-write; encrypted-media; gyroscope; picture-in-picture; web-share\" referrerpolicy=\"strict-origin-when-cross-origin\" allowfullscreen><\/iframe>\n<\/div><\/figure>\n","protected":false},"excerpt":{"rendered":"<p>L&rsquo;ACSO, ce sont des services et des activit\u00e9s sociales, culturelles, \u00e9ducatives, num\u00e9riques, familiales pour r\u00e9pondre aux besoins des habitants sur la ville d&rsquo;Oullins. De la petite enfance aux s\u00e9niors, vous y d\u00e9couvrirez des cr\u00e8ches, des centres de loisirs, des ateliers&#8230; L&rsquo;ACSO, c&rsquo;est aussi une fabrique des possibles. Vous pouvez cr\u00e9er ou participer \u00e0 des projets [&hellip;]<\/p>\n","protected":false},"author":1,"featured_media":0,"parent":0,"menu_order":0,"comment_status":"closed","ping_status":"closed","template":"","meta":{"footnotes":""},"class_list":["post-18","page","type-page","status-publish","hentry"],"_links":{"self":[{"href":"https:\/\/csoullins.org\/index.php\/wp-json\/wp\/v2\/pages\/18","targetHints":{"allow":["GET"]}}],"collection":[{"href":"https:\/\/csoullins.org\/index.php\/wp-json\/wp\/v2\/pages"}],"about":[{"href":"https:\/\/csoullins.org\/index.php\/wp-json\/wp\/v2\/types\/page"}],"author":[{"embeddable":true,"href":"https:\/\/csoullins.org\/index.php\/wp-json\/wp\/v2\/users\/1"}],"replies":[{"embeddable":true,"href":"https:\/\/csoullins.org\/index.php\/wp-json\/wp\/v2\/comments?post=18"}],"version-history":[{"count":20,"href":"https:\/\/csoullins.org\/index.php\/wp-json\/wp\/v2\/pages\/18\/revisions"}],"predecessor-version":[{"id":2935,"href":"https:\/\/csoullins.org\/index.php\/wp-json\/wp\/v2\/pages\/18\/revisions\/2935"}],"wp:attachment":[{"href":"https:\/\/csoullins.org\/index.php\/wp-json\/wp\/v2\/media?parent=18"}],"curies":[{"name":"wp","href":"https:\/\/api.w.org\/{rel}","templated":true}]}}